{"id":18,"date":"2016-02-01T08:43:41","date_gmt":"2016-02-01T07:43:41","guid":{"rendered":"http:\/\/jegra-pferdefutter.de\/?page_id=18"},"modified":"2018-01-23T15:03:35","modified_gmt":"2018-01-23T14:03:35","slug":"mineralfutter","status":"publish","type":"page","link":"http:\/\/josef-granich.de\/index.php\/mineralfutter\/","title":{"rendered":"Mineralfutter"},"content":{"rendered":"<p>Ein Mineralfutter f\u00fcr Ihr Pferd kann nicht einfach ein Standardprodukt aus dem Regal sein. Wenn Sie die Anforderungen und die t\u00e4glichen Herausforderungen betrachten die Ihr treuer Freund jeden Tag bew\u00e4ltigt, wird klar, dass er eine auf ihn zugeschnittene Ern\u00e4hrung ben\u00f6tigt. Mit unserem Mineralfutter f\u00fcr Pferde, JEGRA, gehen wir auf die Bed\u00fcrfnisse Ihres Tieres ein.<\/p>\n<p>Unser Futter gibt es in vielen verschiedenen Mischungen und Varianten:<\/p>\n<p><a href=\"http:\/\/josef-granich.de\/wp-content\/uploads\/2017\/10\/JEGRA-Horsepower-125-plus.pdf\">JEGRA Horsepower 125 plus<\/a><\/p>\n<p><a href=\"http:\/\/josef-granich.de\/wp-content\/uploads\/2018\/01\/JEGRA-Pferdefutter-gepresst.pdf\">JEGRA Pferdefutter gepresst<\/a><\/p>\n<p><a href=\"http:\/\/josef-granich.de\/wp-content\/uploads\/2017\/10\/JEGRA-Pferdem\u00fcsli-und-Kr\u00e4uterm\u00fcsli.pdf\">JEGRA Pferdem\u00fcsli und Kr\u00e4uterm\u00fcsli<\/a><\/p>\n<p><a href=\"http:\/\/josef-granich.de\/wp-content\/uploads\/2017\/10\/JEGRA-Darmwohl-Atem-und-Husten-\u00dcbersicht.pdf\">JEGRA Darmwohl Atem und Husten<\/a><\/p>\n<p><a href=\"http:\/\/josef-granich.de\/wp-content\/uploads\/2018\/01\/JEGRA-Anti-Toxin-Zinkkomplex-Muskelfit.pdf\">JEGRA Anti Toxin-Zinkkomplex-Muskelfit<\/a><\/p>\n","protected":false},"excerpt":{"rendered":"<p>Ein Mineralfutter f\u00fcr Ihr Pferd kann nicht einfach ein Standardprodukt aus dem Regal sein. Wenn Sie die Anforderungen und die t\u00e4glichen Herausforderungen betrachten die Ihr treuer Freund jeden Tag bew\u00e4ltigt, wird klar, dass er eine auf ihn zugeschnittene Ern\u00e4hrung ben\u00f6tigt&#8230;.<br \/><a class=\"read-more-button\" href=\"http:\/\/josef-granich.de\/index.php\/mineralfutter\/\">Mehr Lesen<\/a><\/p>\n","protected":false},"author":1,"featured_media":0,"parent":0,"menu_order":1,"comment_status":"closed","ping_status":"closed","template":"","meta":[],"_links":{"self":[{"href":"http:\/\/josef-granich.de\/index.php\/wp-json\/wp\/v2\/pages\/18"}],"collection":[{"href":"http:\/\/josef-granich.de\/index.php\/wp-json\/wp\/v2\/pages"}],"about":[{"href":"http:\/\/josef-granich.de\/index.php\/wp-json\/wp\/v2\/types\/page"}],"author":[{"embeddable":true,"href":"http:\/\/josef-granich.de\/index.php\/wp-json\/wp\/v2\/users\/1"}],"replies":[{"embeddable":true,"href":"http:\/\/josef-granich.de\/index.php\/wp-json\/wp\/v2\/comments?post=18"}],"version-history":[{"count":12,"href":"http:\/\/josef-granich.de\/index.php\/wp-json\/wp\/v2\/pages\/18\/revisions"}],"predecessor-version":[{"id":61,"href":"http:\/\/josef-granich.de\/index.php\/wp-json\/wp\/v2\/pages\/18\/revisions\/61"}],"wp:attachment":[{"href":"http:\/\/josef-granich.de\/index.php\/wp-json\/wp\/v2\/media?parent=18"}],"curies":[{"name":"wp","href":"https:\/\/api.w.org\/{rel}","templated":true}]}}