{"id":2,"date":"2016-01-28T16:06:18","date_gmt":"2016-01-28T15:06:18","guid":{"rendered":"http:\/\/jegra-pferdefutter.de\/?page_id=2"},"modified":"2018-01-23T14:37:00","modified_gmt":"2018-01-23T13:37:00","slug":"beispiel-seite","status":"publish","type":"page","link":"http:\/\/josef-granich.de\/","title":{"rendered":"Beratung von Profis f\u00fcr Profis"},"content":{"rendered":"<div class=\"main\">\n<p>Mineralfutter, die wichtige Nahrungserg\u00e4nzung erhalten Sie kosteng\u00fcnstig bei uns. F\u00fcr weitere Informationen zu den jeweiligen Produkten klicken Sie bitte auf das gew\u00fcnschte Produkt.<\/p>\n<p>Wir sind Ihr direkter Ansprechpartner wenn es um Mineralfutter f\u00fcr Pferde geht.<\/p>\n<p>Unter Kontakt stehen wir jederzeit f\u00fcr eine spezielle Beratung zur Verf\u00fcgung!<\/p>\n<\/div>\n","protected":false},"excerpt":{"rendered":"<p>Mineralfutter, die wichtige Nahrungserg\u00e4nzung erhalten Sie kosteng\u00fcnstig bei uns. F\u00fcr weitere Informationen zu den jeweiligen Produkten klicken Sie bitte auf das gew\u00fcnschte Produkt. Wir sind Ihr direkter Ansprechpartner wenn es um Mineralfutter f\u00fcr Pferde geht. Unter Kontakt stehen wir jederzeit&#8230;<br \/><a class=\"read-more-button\" href=\"http:\/\/josef-granich.de\/\">Mehr Lesen<\/a><\/p>\n","protected":false},"author":1,"featured_media":0,"parent":0,"menu_order":0,"comment_status":"closed","ping_status":"open","template":"","meta":[],"_links":{"self":[{"href":"http:\/\/josef-granich.de\/index.php\/wp-json\/wp\/v2\/pages\/2"}],"collection":[{"href":"http:\/\/josef-granich.de\/index.php\/wp-json\/wp\/v2\/pages"}],"about":[{"href":"http:\/\/josef-granich.de\/index.php\/wp-json\/wp\/v2\/types\/page"}],"author":[{"embeddable":true,"href":"http:\/\/josef-granich.de\/index.php\/wp-json\/wp\/v2\/users\/1"}],"replies":[{"embeddable":true,"href":"http:\/\/josef-granich.de\/index.php\/wp-json\/wp\/v2\/comments?post=2"}],"version-history":[{"count":9,"href":"http:\/\/josef-granich.de\/index.php\/wp-json\/wp\/v2\/pages\/2\/revisions"}],"predecessor-version":[{"id":54,"href":"http:\/\/josef-granich.de\/index.php\/wp-json\/wp\/v2\/pages\/2\/revisions\/54"}],"wp:attachment":[{"href":"http:\/\/josef-granich.de\/index.php\/wp-json\/wp\/v2\/media?parent=2"}],"curies":[{"name":"wp","href":"https:\/\/api.w.org\/{rel}","templated":true}]}}